{"id":76,"date":"2016-10-12T16:31:09","date_gmt":"2016-10-12T15:31:09","guid":{"rendered":"http:\/\/sapenartois.com\/?page_id=76"},"modified":"2020-11-17T09:52:00","modified_gmt":"2020-11-17T08:52:00","slug":"communes","status":"publish","type":"page","link":"https:\/\/sapenartois.com\/index.php\/communes\/","title":{"rendered":"Dans votre Commune :"},"content":{"rendered":"\t\t<div data-elementor-type=\"wp-page\" data-elementor-id=\"76\" class=\"elementor elementor-76\">\n\t\t\t\t\t\t\t\t\t<section class=\"elementor-section elementor-top-section elementor-element elementor-element-318247ea elementor-section-boxed elementor-section-height-default elementor-section-height-default\" data-id=\"318247ea\" data-element_type=\"section\">\n\t\t\t\t\t\t<div class=\"elementor-container elementor-column-gap-default\">\n\t\t\t\t\t<div class=\"elementor-column elementor-col-100 elementor-top-column elementor-element elementor-element-29030a8\" data-id=\"29030a8\" data-element_type=\"column\">\n\t\t\t<div class=\"elementor-widget-wrap elementor-element-populated\">\n\t\t\t\t\t\t\t\t<div class=\"elementor-element elementor-element-3a970354 elementor-widget elementor-widget-text-editor\" data-id=\"3a970354\" data-element_type=\"widget\" data-widget_type=\"text-editor.default\">\n\t\t\t\t<div class=\"elementor-widget-container\">\n\t\t\t\t\t\t\t<p style=\"text-align: justify;\"><img fetchpriority=\"high\" decoding=\"async\" class=\" wp-image-116 aligncenter\" src=\"http:\/\/sapenartois.com\/wp-content\/uploads\/2016\/10\/2017-10-P\u00f4le-M\u00e9tropolitain-de-lArtois-300x231.jpg\" alt=\"\" width=\"501\" height=\"386\" srcset=\"https:\/\/sapenartois.com\/wp-content\/uploads\/2016\/10\/2017-10-P\u00f4le-M\u00e9tropolitain-de-lArtois-300x231.jpg 300w, https:\/\/sapenartois.com\/wp-content\/uploads\/2016\/10\/2017-10-P\u00f4le-M\u00e9tropolitain-de-lArtois.jpg 594w\" sizes=\"(max-width: 501px) 100vw, 501px\" \/><\/p><p style=\"text-align: justify;\">Les structures, \u00e0 l&rsquo;origine de la fondation de l&rsquo;association SAP en ARTOIS, r\u00e9alisent toutes les activit\u00e9s de services \u00e0 domicile ainsi que l&rsquo;aide aux personnes sur toutes les communes du P\u00f4le M\u00e9tropolitain de l&rsquo;Artois, qui est constitu\u00e9 des inter-communaut\u00e9s de B\u00e9thune-Bruay; Lens-Li\u00e9vin; H\u00e9nin-Carvin. Ils peuvent donc intervenir \u00e0 votre domicile dans votre commune.<\/p>\t\t\t\t\t\t<\/div>\n\t\t\t\t<\/div>\n\t\t\t\t\t<\/div>\n\t\t<\/div>\n\t\t\t\t\t\t\t<\/div>\n\t\t<\/section>\n\t\t\t\t\t\t\t<\/div>\n\t\t","protected":false},"excerpt":{"rendered":"<p>Les structures, \u00e0 l&rsquo;origine de la fondation de l&rsquo;association SAP en ARTOIS, r\u00e9alisent toutes les activit\u00e9s de services \u00e0 domicile ainsi que l&rsquo;aide aux personnes sur toutes les communes du P\u00f4le M\u00e9tropolitain de l&rsquo;Artois, qui est constitu\u00e9 des inter-communaut\u00e9s de B\u00e9thune-Bruay; Lens-Li\u00e9vin; H\u00e9nin-Carvin. Ils peuvent donc intervenir \u00e0 votre domicile dans votre commune.<\/p>\n","protected":false},"author":1,"featured_media":0,"parent":0,"menu_order":0,"comment_status":"closed","ping_status":"closed","template":"","meta":{"footnotes":""},"class_list":["post-76","page","type-page","status-publish","hentry"],"_links":{"self":[{"href":"https:\/\/sapenartois.com\/index.php\/wp-json\/wp\/v2\/pages\/76","targetHints":{"allow":["GET"]}}],"collection":[{"href":"https:\/\/sapenartois.com\/index.php\/wp-json\/wp\/v2\/pages"}],"about":[{"href":"https:\/\/sapenartois.com\/index.php\/wp-json\/wp\/v2\/types\/page"}],"author":[{"embeddable":true,"href":"https:\/\/sapenartois.com\/index.php\/wp-json\/wp\/v2\/users\/1"}],"replies":[{"embeddable":true,"href":"https:\/\/sapenartois.com\/index.php\/wp-json\/wp\/v2\/comments?post=76"}],"version-history":[{"count":11,"href":"https:\/\/sapenartois.com\/index.php\/wp-json\/wp\/v2\/pages\/76\/revisions"}],"predecessor-version":[{"id":163,"href":"https:\/\/sapenartois.com\/index.php\/wp-json\/wp\/v2\/pages\/76\/revisions\/163"}],"wp:attachment":[{"href":"https:\/\/sapenartois.com\/index.php\/wp-json\/wp\/v2\/media?parent=76"}],"curies":[{"name":"wp","href":"https:\/\/api.w.org\/{rel}","templated":true}]}}